{"id":1643,"date":"2020-10-28T14:19:33","date_gmt":"2020-10-28T14:19:33","guid":{"rendered":"https:\/\/uhrenkauf-auf-raten.ch\/?page_id=1643"},"modified":"2025-09-08T10:48:58","modified_gmt":"2025-09-08T10:48:58","slug":"conditions-generales","status":"publish","type":"page","link":"https:\/\/swiss-prime-watches.ch\/fr\/conditions-generales\/","title":{"rendered":"CONDITIONS G\u00c9N\u00c9RALES DE VENTE"},"content":{"rendered":"<div data-elementor-type=\"wp-page\" data-elementor-id=\"1643\" class=\"elementor elementor-1643\" data-elementor-post-type=\"page\">\n\t\t\t\t\t\t<section class=\"elementor-section elementor-top-section elementor-element elementor-element-f38131b elementor-section-boxed elementor-section-height-default elementor-section-height-default\" data-id=\"f38131b\" data-element_type=\"section\" data-e-type=\"section\">\n\t\t\t\t\t\t<div class=\"elementor-container elementor-column-gap-default\">\n\t\t\t\t\t<div class=\"elementor-column elementor-col-100 elementor-top-column elementor-element elementor-element-16d57f4\" data-id=\"16d57f4\" data-element_type=\"column\" data-e-type=\"column\">\n\t\t\t<div class=\"elementor-widget-wrap elementor-element-populated\">\n\t\t\t\t\t\t<div class=\"elementor-element elementor-element-e70b2c0 elementor-widget elementor-widget-text-editor\" data-id=\"e70b2c0\" data-element_type=\"widget\" data-e-type=\"widget\" data-widget_type=\"text-editor.default\">\n\t\t\t\t<div class=\"elementor-widget-container\">\n\t\t\t\t\t\t\t\t\t<h1>CONDITIONS G\u00c9N\u00c9RALES DE VENTE<\/h1><p><strong>Champ d'application<\/strong><\/p><p>Tous les produits et services sont soumis aux CGV de RG Watches &amp; Jewelry GmbH. Lors de la transaction et la livraison, les pr\u00e9sentes conditions g\u00e9n\u00e9rales sont appliqu\u00e9es. Des conditions g\u00e9n\u00e9rales de vente diff\u00e9rentes ne sont pas reconnues, sauf si RG Watches &amp; Jewelry GmbH les accepte express\u00e9ment par \u00e9crit.<\/p><p>Tous les articles propos\u00e9s sur cette boutique en ligne (montres \/ bijoux \/ art \/ sacs \/ instruments d'\u00e9criture) sont d\u00e9sign\u00e9s ci-apr\u00e8s comme produit(s).<\/p><p><b>1 &#8211;\u00a0<\/b><span style=\"font-size: 16px;\">uhrenkauf-auf-raten.ch est exploit\u00e9 par RG Watches &amp; Jewelry GmbH dont le si\u00e8ge est \u00e0 Freienbach\/SZ. RG Watches &amp; Jewelry GmbH est ci-apr\u00e8s d\u00e9nomm\u00e9 le vendeur.<\/span><\/p><p><strong>2 - Droit de retour<\/strong><\/p><p>Il existe un droit de retour de 10 jours si le mauvais produit a \u00e9t\u00e9 livr\u00e9 ou si le produit ne correspond pas \u00e0 l'\u00e9tat annonc\u00e9 sur le site. Dans ce cas, le vendeur doit \u00eatre inform\u00e9 par \u00e9crit dans les 48 heures suivant la r\u00e9ception du produit.<\/p><p>Tous les retours doivent <em>inscrits<\/em> s'inscrire aupr\u00e8s de<br \/><span style=\"font-size: 16px;\">RG Watches &amp; Jewelry GmbH, Gr\u00fctzenstrasse 1 <br \/>CH-8807 Freienbach<\/span><\/p><p>Pour les bagues (bijoux) qui sont command\u00e9es en taille individuelle, le droit de retour est exclu.\u00a0<br \/><span style=\"font-size: 16px;\">En cas de retrait dans nos bureaux ou chez l'artiste, le droit de retour est \u00e9galement exclu.<\/span><\/p><p><b>3 - Exp\u00e9dition\/enl\u00e8vement<\/b><\/p><p>Nous envoyons par la poste suisse, assur\u00e9, express et recommand\u00e9. L'envoi est gratuit.<\/p><p>Il est \u00e9galement possible de venir chercher nos produits dans nos bureaux de Freienbach\/SZ. Selon le produit, l'art peut \u00e9galement \u00eatre retir\u00e9 directement chez l'artiste.<\/p><p><strong style=\"font-size: 16px;\">4 - D\u00e9lais de livraison<\/strong><\/p><p>En stock signifie que l'article est disponible \u00e0 Freienbach\/SZ. Les d\u00e9lais de livraison indiqu\u00e9s dans les annonces sont indicatifs et peuvent varier.<\/p><p><strong style=\"font-size: 16px;\">5 - Garantie<\/strong><\/p><p>Vous b\u00e9n\u00e9ficiez de la garantie du fabricant sur les montres, les bijoux et les instruments d'\u00e9criture, ceci n'est valable que pour les produits sortant d'usine. Sur les produits de ces cat\u00e9gories qui sont \"comme neufs\", RG Watches &amp; Jewelry GmbH prend en charge la garantie. Pour conna\u00eetre la dur\u00e9e de la garantie, veuillez consulter les annonces correspondantes.<\/p><p>Ne pas \u00eatre couvert par la garantie accord\u00e9e<\/p><ul><li>les dommages caus\u00e9s par une utilisation inappropri\u00e9e<\/li><li>Processus d'usure et de vieillissement li\u00e9s \u00e0 l'utilisation du produit<\/li><li>les dommages cons\u00e9cutifs \u00e0 l'intervention de tiers non autoris\u00e9s<\/li><\/ul><p>Les sacs et l'art ne sont g\u00e9n\u00e9ralement pas couverts par la garantie.<\/p><p><strong style=\"font-size: 16px;\">6 - Financement<\/strong><\/p><p>En demandant le financement, le client \/ la cliente autorise la RG Watches &amp; Jewelry GmbH \u00e0 transmettre les donn\u00e9es fournies dans leur int\u00e9gralit\u00e9 au partenaire de financement Yourasset AG et Hey Light AG.<strong>\u00a0<\/strong>\u00eatre transmis par voie \u00e9lectronique.<\/p><p>Le partenaire financier d\u00e9cide de l'octroi ou non d'un financement.<\/p><p>Le client\/la cliente signe avec lui\/elle le contrat correspondant. Les conditions g\u00e9n\u00e9rales et les dispositions du partenaire de financement s'appliquent.<\/p><p><strong>7 &#8211;<\/strong> Le client se d\u00e9clare d'accord que le RG Watches &amp; Jewelry GmbH donne acc\u00e8s en tout temps \u00e0 toutes les donn\u00e9es personnelles \u00e9manant de la relation commerciale y compris les exp\u00e9riences de paiement li\u00e9e \u00e0 la commande \u00e0 un tiers (en particulier \u00e0 la soci\u00e9t\u00e9 de renseignements commerciaux CRIF SA \u00e0 Z\u00fcrich, ou \u00e0 une soci\u00e9t\u00e9 y \u00e9tant alli\u00e9e), dans le carde du contr\u00f4le de solvabilit\u00e9, du recouvrement du prix d'achat. Le client peut en tout temps r\u00e9tracter son accord ci-dessus par \u00e9cris.<\/p><p><strong style=\"font-size: 16px;\">8 &#8211; <\/strong><strong style=\"font-size: 16px;\">Achat direct<\/strong><\/p><p>En cas d'achat direct, vous transf\u00e9rez le montant sur notre compte bancaire.\u00a0<span style=\"font-size: 16px;\">Ensuite, l'article est command\u00e9 et\/ou envoy\u00e9.<\/span><\/p><p><strong style=\"font-size: 16px;\">9 - Protection des donn\u00e9es<\/strong><\/p><p>RG Watches &amp; Jewelry GmbH fait tout son possible pour traiter les donn\u00e9es des clients avec soin et de respecter les dispositions de la protection des donn\u00e9es. RG Watches &amp; Jewelry GmbH utilise les donn\u00e9es personnelles pour le contrat et la loi et l'ex\u00e9cution des produits offerts et pour maintenir la relation client. A des fins de marketing, les donn\u00e9es sont conserv\u00e9es en respectant toutes les normes de s\u00e9curit\u00e9 possibles. Le client\/la cliente peut \u00e0 tout moment faire effacer ses donn\u00e9es. La notification doit \u00eatre faite par \u00e9crit, de pr\u00e9f\u00e9rence par e-mail <a href=\"mailto:info@uhrenkauf-auf-raten.ch\">info@uhrenkauf-auf-raten.ch<\/a>.<\/p>\t\t\t\t\t\t\t\t<\/div>\n\t\t\t\t<\/div>\n\t\t\t\t\t<\/div>\n\t\t<\/div>\n\t\t\t\t\t<\/div>\n\t\t<\/section>\n\t\t\t\t<\/div>","protected":false},"excerpt":{"rendered":"<p>AGB Geltungsbereich Alle Produkte und Dienstleistungen unterstehen den AGB von RG Watches &amp; Jewelry GmbH. Bei Gesch\u00e4ftsabwicklung und Lieferung werden die vorliegenden AGB angewendet. Abweichende AGB finden keine Anerkennung ausser RG Watches &amp; Jewelry GmbH stimmt diesen ausdr\u00fccklich und schriftlich zu. Alle auf diesem Webshop angebotenen Artikel (Uhren \/ Schmuck \/ Kunst \/ Taschen \/ [&hellip;]<\/p>\n","protected":false},"author":7,"featured_media":0,"parent":0,"menu_order":7,"comment_status":"closed","ping_status":"closed","template":"","meta":{"_acf_changed":false,"ocean_post_layout":"","ocean_both_sidebars_style":"","ocean_both_sidebars_content_width":0,"ocean_both_sidebars_sidebars_width":0,"ocean_sidebar":"0","ocean_second_sidebar":"0","ocean_disable_margins":"enable","ocean_add_body_class":"","ocean_shortcode_before_top_bar":"","ocean_shortcode_after_top_bar":"","ocean_shortcode_before_header":"","ocean_shortcode_after_header":"","ocean_has_shortcode":"","ocean_shortcode_after_title":"","ocean_shortcode_before_footer_widgets":"","ocean_shortcode_after_footer_widgets":"","ocean_shortcode_before_footer_bottom":"","ocean_shortcode_after_footer_bottom":"","ocean_display_top_bar":"default","ocean_display_header":"default","ocean_header_style":"","ocean_center_header_left_menu":"0","ocean_custom_header_template":"0","ocean_custom_logo":0,"ocean_custom_retina_logo":0,"ocean_custom_logo_max_width":0,"ocean_custom_logo_tablet_max_width":0,"ocean_custom_logo_mobile_max_width":0,"ocean_custom_logo_max_height":0,"ocean_custom_logo_tablet_max_height":0,"ocean_custom_logo_mobile_max_height":0,"ocean_header_custom_menu":"0","ocean_menu_typo_font_family":"0","ocean_menu_typo_font_subset":"","ocean_menu_typo_font_size":0,"ocean_menu_typo_font_size_tablet":0,"ocean_menu_typo_font_size_mobile":0,"ocean_menu_typo_font_size_unit":"px","ocean_menu_typo_font_weight":"","ocean_menu_typo_font_weight_tablet":"","ocean_menu_typo_font_weight_mobile":"","ocean_menu_typo_transform":"","ocean_menu_typo_transform_tablet":"","ocean_menu_typo_transform_mobile":"","ocean_menu_typo_line_height":0,"ocean_menu_typo_line_height_tablet":0,"ocean_menu_typo_line_height_mobile":0,"ocean_menu_typo_line_height_unit":"","ocean_menu_typo_spacing":0,"ocean_menu_typo_spacing_tablet":0,"ocean_menu_typo_spacing_mobile":0,"ocean_menu_typo_spacing_unit":"","ocean_menu_link_color":"","ocean_menu_link_color_hover":"","ocean_menu_link_color_active":"","ocean_menu_link_background":"","ocean_menu_link_hover_background":"","ocean_menu_link_active_background":"","ocean_menu_social_links_bg":"","ocean_menu_social_hover_links_bg":"","ocean_menu_social_links_color":"","ocean_menu_social_hover_links_color":"","ocean_disable_title":"default","ocean_disable_heading":"default","ocean_post_title":"","ocean_post_subheading":"","ocean_post_title_style":"","ocean_post_title_background_color":"","ocean_post_title_background":0,"ocean_post_title_bg_image_position":"","ocean_post_title_bg_image_attachment":"","ocean_post_title_bg_image_repeat":"","ocean_post_title_bg_image_size":"","ocean_post_title_height":0,"ocean_post_title_bg_overlay":0.5,"ocean_post_title_bg_overlay_color":"","ocean_disable_breadcrumbs":"default","ocean_breadcrumbs_color":"","ocean_breadcrumbs_separator_color":"","ocean_breadcrumbs_links_color":"","ocean_breadcrumbs_links_hover_color":"","ocean_display_footer_widgets":"default","ocean_display_footer_bottom":"default","ocean_custom_footer_template":"0","footnotes":""},"class_list":["post-1643","page","type-page","status-publish","hentry","entry","owp-thumbs-layout-horizontal","owp-btn-normal","owp-tabs-layout-horizontal","has-no-thumbnails"],"acf":[],"yoast_head":"<!-- This site is optimized with the Yoast SEO plugin v27.4 - https:\/\/yoast.com\/product\/yoast-seo-wordpress\/ -->\n<title>AGB - Swiss Prime Watches<\/title>\n<meta name=\"robots\" content=\"noindex, follow\" \/>\n<meta property=\"og:locale\" content=\"fr_FR\" \/>\n<meta property=\"og:type\" content=\"article\" \/>\n<meta property=\"og:title\" content=\"AGB - Swiss Prime Watches\" \/>\n<meta property=\"og:description\" content=\"AGB Geltungsbereich Alle Produkte und Dienstleistungen unterstehen den AGB von RG Watches &amp; Jewelry GmbH. Bei Gesch\u00e4ftsabwicklung und Lieferung werden die vorliegenden AGB angewendet. Abweichende AGB finden keine Anerkennung ausser RG Watches &amp; Jewelry GmbH stimmt diesen ausdr\u00fccklich und schriftlich zu. Alle auf diesem Webshop angebotenen Artikel (Uhren \/ Schmuck \/ Kunst \/ Taschen \/ [&hellip;]\" \/>\n<meta property=\"og:url\" content=\"https:\/\/swiss-prime-watches.ch\/fr\/conditions-generales\/\" \/>\n<meta property=\"og:site_name\" content=\"Swiss Prime Watches\" \/>\n<meta property=\"article:modified_time\" content=\"2025-09-08T10:48:58+00:00\" \/>\n<meta name=\"twitter:card\" content=\"summary_large_image\" \/>\n<meta name=\"twitter:label1\" content=\"Dur\u00e9e de lecture estim\u00e9e\" \/>\n\t<meta name=\"twitter:data1\" content=\"3 minutes\" \/>\n<script type=\"application\/ld+json\" class=\"yoast-schema-graph\">{\"@context\":\"https:\\\/\\\/schema.org\",\"@graph\":[{\"@type\":\"WebPage\",\"@id\":\"https:\\\/\\\/swiss-prime-watches.ch\\\/en\\\/agb\\\/\",\"url\":\"https:\\\/\\\/swiss-prime-watches.ch\\\/en\\\/agb\\\/\",\"name\":\"AGB - Swiss Prime Watches\",\"isPartOf\":{\"@id\":\"https:\\\/\\\/swiss-prime-watches.ch\\\/fr\\\/#website\"},\"datePublished\":\"2020-10-28T14:19:33+00:00\",\"dateModified\":\"2025-09-08T10:48:58+00:00\",\"breadcrumb\":{\"@id\":\"https:\\\/\\\/swiss-prime-watches.ch\\\/en\\\/agb\\\/#breadcrumb\"},\"inLanguage\":\"fr-FR\",\"potentialAction\":[{\"@type\":\"ReadAction\",\"target\":[\"https:\\\/\\\/swiss-prime-watches.ch\\\/en\\\/agb\\\/\"]}]},{\"@type\":\"BreadcrumbList\",\"@id\":\"https:\\\/\\\/swiss-prime-watches.ch\\\/en\\\/agb\\\/#breadcrumb\",\"itemListElement\":[{\"@type\":\"ListItem\",\"position\":1,\"name\":\"Home\",\"item\":\"https:\\\/\\\/swiss-prime-watches.ch\\\/\"},{\"@type\":\"ListItem\",\"position\":2,\"name\":\"AGB\"}]},{\"@type\":\"WebSite\",\"@id\":\"https:\\\/\\\/swiss-prime-watches.ch\\\/fr\\\/#website\",\"url\":\"https:\\\/\\\/swiss-prime-watches.ch\\\/fr\\\/\",\"name\":\"Swiss Prime Watches\",\"description\":\"Ronald Grob\",\"publisher\":{\"@id\":\"https:\\\/\\\/swiss-prime-watches.ch\\\/fr\\\/#organization\"},\"potentialAction\":[{\"@type\":\"SearchAction\",\"target\":{\"@type\":\"EntryPoint\",\"urlTemplate\":\"https:\\\/\\\/swiss-prime-watches.ch\\\/fr\\\/?s={search_term_string}\"},\"query-input\":{\"@type\":\"PropertyValueSpecification\",\"valueRequired\":true,\"valueName\":\"search_term_string\"}}],\"inLanguage\":\"fr-FR\"},{\"@type\":\"Organization\",\"@id\":\"https:\\\/\\\/swiss-prime-watches.ch\\\/fr\\\/#organization\",\"name\":\"Uhrenkauf auf Raten\",\"url\":\"https:\\\/\\\/swiss-prime-watches.ch\\\/fr\\\/\",\"logo\":{\"@type\":\"ImageObject\",\"inLanguage\":\"fr-FR\",\"@id\":\"https:\\\/\\\/swiss-prime-watches.ch\\\/fr\\\/#\\\/schema\\\/logo\\\/image\\\/\",\"url\":\"https:\\\/\\\/uhrenkauf-auf-raten.ch\\\/wp-content\\\/uploads\\\/2020\\\/08\\\/Ronald-Grob-favicon.png\",\"contentUrl\":\"https:\\\/\\\/uhrenkauf-auf-raten.ch\\\/wp-content\\\/uploads\\\/2020\\\/08\\\/Ronald-Grob-favicon.png\",\"width\":174,\"height\":174,\"caption\":\"Uhrenkauf auf Raten\"},\"image\":{\"@id\":\"https:\\\/\\\/swiss-prime-watches.ch\\\/fr\\\/#\\\/schema\\\/logo\\\/image\\\/\"}}]}<\/script>\n<!-- \/ Yoast SEO plugin. -->","yoast_head_json":{"title":"AGB - Swiss Prime Watches","robots":{"index":"noindex","follow":"follow"},"og_locale":"fr_FR","og_type":"article","og_title":"AGB - Swiss Prime Watches","og_description":"AGB Geltungsbereich Alle Produkte und Dienstleistungen unterstehen den AGB von RG Watches &amp; Jewelry GmbH. Bei Gesch\u00e4ftsabwicklung und Lieferung werden die vorliegenden AGB angewendet. Abweichende AGB finden keine Anerkennung ausser RG Watches &amp; Jewelry GmbH stimmt diesen ausdr\u00fccklich und schriftlich zu. Alle auf diesem Webshop angebotenen Artikel (Uhren \/ Schmuck \/ Kunst \/ Taschen \/ [&hellip;]","og_url":"https:\/\/swiss-prime-watches.ch\/fr\/conditions-generales\/","og_site_name":"Swiss Prime Watches","article_modified_time":"2025-09-08T10:48:58+00:00","twitter_card":"summary_large_image","twitter_misc":{"Dur\u00e9e de lecture estim\u00e9e":"3 minutes"},"schema":{"@context":"https:\/\/schema.org","@graph":[{"@type":"WebPage","@id":"https:\/\/swiss-prime-watches.ch\/en\/agb\/","url":"https:\/\/swiss-prime-watches.ch\/en\/agb\/","name":"AGB - Swiss Prime Watches","isPartOf":{"@id":"https:\/\/swiss-prime-watches.ch\/fr\/#website"},"datePublished":"2020-10-28T14:19:33+00:00","dateModified":"2025-09-08T10:48:58+00:00","breadcrumb":{"@id":"https:\/\/swiss-prime-watches.ch\/en\/agb\/#breadcrumb"},"inLanguage":"fr-FR","potentialAction":[{"@type":"ReadAction","target":["https:\/\/swiss-prime-watches.ch\/en\/agb\/"]}]},{"@type":"BreadcrumbList","@id":"https:\/\/swiss-prime-watches.ch\/en\/agb\/#breadcrumb","itemListElement":[{"@type":"ListItem","position":1,"name":"Home","item":"https:\/\/swiss-prime-watches.ch\/"},{"@type":"ListItem","position":2,"name":"AGB"}]},{"@type":"WebSite","@id":"https:\/\/swiss-prime-watches.ch\/fr\/#website","url":"https:\/\/swiss-prime-watches.ch\/fr\/","name":"Swiss Prime Watches","description":"Ronald Grob","publisher":{"@id":"https:\/\/swiss-prime-watches.ch\/fr\/#organization"},"potentialAction":[{"@type":"SearchAction","target":{"@type":"EntryPoint","urlTemplate":"https:\/\/swiss-prime-watches.ch\/fr\/?s={search_term_string}"},"query-input":{"@type":"PropertyValueSpecification","valueRequired":true,"valueName":"search_term_string"}}],"inLanguage":"fr-FR"},{"@type":"Organization","@id":"https:\/\/swiss-prime-watches.ch\/fr\/#organization","name":"Achat de montres \u00e0 temp\u00e9rament","url":"https:\/\/swiss-prime-watches.ch\/fr\/","logo":{"@type":"ImageObject","inLanguage":"fr-FR","@id":"https:\/\/swiss-prime-watches.ch\/fr\/#\/schema\/logo\/image\/","url":"https:\/\/uhrenkauf-auf-raten.ch\/wp-content\/uploads\/2020\/08\/Ronald-Grob-favicon.png","contentUrl":"https:\/\/uhrenkauf-auf-raten.ch\/wp-content\/uploads\/2020\/08\/Ronald-Grob-favicon.png","width":174,"height":174,"caption":"Uhrenkauf auf Raten"},"image":{"@id":"https:\/\/swiss-prime-watches.ch\/fr\/#\/schema\/logo\/image\/"}}]}},"_links":{"self":[{"href":"https:\/\/swiss-prime-watches.ch\/fr\/wp-json\/wp\/v2\/pages\/1643","targetHints":{"allow":["GET"]}}],"collection":[{"href":"https:\/\/swiss-prime-watches.ch\/fr\/wp-json\/wp\/v2\/pages"}],"about":[{"href":"https:\/\/swiss-prime-watches.ch\/fr\/wp-json\/wp\/v2\/types\/page"}],"author":[{"embeddable":true,"href":"https:\/\/swiss-prime-watches.ch\/fr\/wp-json\/wp\/v2\/users\/7"}],"replies":[{"embeddable":true,"href":"https:\/\/swiss-prime-watches.ch\/fr\/wp-json\/wp\/v2\/comments?post=1643"}],"version-history":[{"count":0,"href":"https:\/\/swiss-prime-watches.ch\/fr\/wp-json\/wp\/v2\/pages\/1643\/revisions"}],"wp:attachment":[{"href":"https:\/\/swiss-prime-watches.ch\/fr\/wp-json\/wp\/v2\/media?parent=1643"}],"curies":[{"name":"wp","href":"https:\/\/api.w.org\/{rel}","templated":true}]}}