{"id":4207,"date":"2021-05-12T17:08:05","date_gmt":"2021-05-12T17:08:05","guid":{"rendered":"https:\/\/uhrenkauf-auf-raten.ch\/?page_id=4207"},"modified":"2022-05-14T08:53:30","modified_gmt":"2022-05-14T08:53:30","slug":"bestellung-danke","status":"publish","type":"page","link":"https:\/\/swiss-prime-watches.ch\/fr\/bestellung-danke\/","title":{"rendered":"Commande Merci"},"content":{"rendered":"<div data-elementor-type=\"wp-page\" data-elementor-id=\"4207\" class=\"elementor elementor-4207\" data-elementor-post-type=\"page\">\n\t\t\t\t\t\t<section class=\"elementor-section elementor-top-section elementor-element elementor-element-5fad139 elementor-section-boxed elementor-section-height-default elementor-section-height-default\" data-id=\"5fad139\" data-element_type=\"section\" data-e-type=\"section\">\n\t\t\t\t\t\t<div class=\"elementor-container elementor-column-gap-default\">\n\t\t\t\t\t<div class=\"elementor-column elementor-col-100 elementor-top-column elementor-element elementor-element-de59e22\" data-id=\"de59e22\" data-element_type=\"column\" data-e-type=\"column\">\n\t\t\t<div class=\"elementor-widget-wrap elementor-element-populated\">\n\t\t\t\t\t\t<div class=\"elementor-element elementor-element-8451e20 elementor-widget elementor-widget-image\" data-id=\"8451e20\" data-element_type=\"widget\" data-e-type=\"widget\" data-widget_type=\"image.default\">\n\t\t\t\t<div class=\"elementor-widget-container\">\n\t\t\t\t\t\t\t\t\t\t\t\t\t\t\t<img fetchpriority=\"high\" decoding=\"async\" width=\"1024\" height=\"268\" src=\"https:\/\/swiss-prime-watches.ch\/wp-content\/uploads\/2021\/04\/Uhrenkauf-auf-Raten-Logo-grau-1024x268.png\" class=\"attachment-large size-large wp-image-3750\" alt=\"\" srcset=\"https:\/\/swiss-prime-watches.ch\/wp-content\/uploads\/2021\/04\/Uhrenkauf-auf-Raten-Logo-grau-1024x268.png 1024w, https:\/\/swiss-prime-watches.ch\/wp-content\/uploads\/2021\/04\/Uhrenkauf-auf-Raten-Logo-grau-300x78.png 300w, https:\/\/swiss-prime-watches.ch\/wp-content\/uploads\/2021\/04\/Uhrenkauf-auf-Raten-Logo-grau-768x201.png 768w, https:\/\/swiss-prime-watches.ch\/wp-content\/uploads\/2021\/04\/Uhrenkauf-auf-Raten-Logo-grau-1536x401.png 1536w, https:\/\/swiss-prime-watches.ch\/wp-content\/uploads\/2021\/04\/Uhrenkauf-auf-Raten-Logo-grau-400x105.png 400w, https:\/\/swiss-prime-watches.ch\/wp-content\/uploads\/2021\/04\/Uhrenkauf-auf-Raten-Logo-grau-600x157.png 600w, https:\/\/swiss-prime-watches.ch\/wp-content\/uploads\/2021\/04\/Uhrenkauf-auf-Raten-Logo-grau.png 1887w\" sizes=\"(max-width: 1024px) 100vw, 1024px\" \/>\t\t\t\t\t\t\t\t\t\t\t\t\t\t\t<\/div>\n\t\t\t\t<\/div>\n\t\t\t\t\t<\/div>\n\t\t<\/div>\n\t\t\t\t\t<\/div>\n\t\t<\/section>\n\t\t\t\t<section class=\"elementor-section elementor-top-section elementor-element elementor-element-4d82120 elementor-section-boxed elementor-section-height-default elementor-section-height-default\" data-id=\"4d82120\" data-element_type=\"section\" data-e-type=\"section\">\n\t\t\t\t\t\t<div class=\"elementor-container elementor-column-gap-default\">\n\t\t\t\t\t<div class=\"elementor-column elementor-col-100 elementor-top-column elementor-element elementor-element-1b925d2\" data-id=\"1b925d2\" data-element_type=\"column\" data-e-type=\"column\">\n\t\t\t<div class=\"elementor-widget-wrap elementor-element-populated\">\n\t\t\t\t\t\t<div class=\"elementor-element elementor-element-00357ea elementor-widget elementor-widget-heading\" data-id=\"00357ea\" data-element_type=\"widget\" data-e-type=\"widget\" data-widget_type=\"heading.default\">\n\t\t\t\t<div class=\"elementor-widget-container\">\n\t\t\t\t\t<h2 class=\"elementor-heading-title elementor-size-default\">Cela a fonctionn\u00e9 - Merci beaucoup pour votre demande !<\/h2>\t\t\t\t<\/div>\n\t\t\t\t<\/div>\n\t\t\t\t<div class=\"elementor-element elementor-element-95d0571 elementor-widget elementor-widget-text-editor\" data-id=\"95d0571\" data-element_type=\"widget\" data-e-type=\"widget\" data-widget_type=\"text-editor.default\">\n\t\t\t\t<div class=\"elementor-widget-container\">\n\t\t\t\t\t\t\t\t\t<p>Votre demande sera alors examin\u00e9e et vous recevrez une r\u00e9ponse dans les 48 heures si votre demande de financement a \u00e9t\u00e9 approuv\u00e9e ou non.<\/p>\t\t\t\t\t\t\t\t<\/div>\n\t\t\t\t<\/div>\n\t\t\t\t\t<\/div>\n\t\t<\/div>\n\t\t\t\t\t<\/div>\n\t\t<\/section>\n\t\t\t\t<section class=\"elementor-section elementor-top-section elementor-element elementor-element-7fff94b elementor-section-boxed elementor-section-height-default elementor-section-height-default\" data-id=\"7fff94b\" data-element_type=\"section\" data-e-type=\"section\">\n\t\t\t\t\t\t<div class=\"elementor-container elementor-column-gap-default\">\n\t\t\t\t\t<div class=\"elementor-column elementor-col-100 elementor-top-column elementor-element elementor-element-7f6bf66\" data-id=\"7f6bf66\" data-element_type=\"column\" data-e-type=\"column\">\n\t\t\t<div class=\"elementor-widget-wrap elementor-element-populated\">\n\t\t\t\t\t\t<div class=\"elementor-element elementor-element-8562170 elementor-shape-rounded elementor-grid-0 e-grid-align-center elementor-widget elementor-widget-social-icons\" data-id=\"8562170\" data-element_type=\"widget\" data-e-type=\"widget\" data-widget_type=\"social-icons.default\">\n\t\t\t\t<div class=\"elementor-widget-container\">\n\t\t\t\t\t\t\t<div class=\"elementor-social-icons-wrapper elementor-grid\" role=\"list\">\n\t\t\t\t\t\t\t<span class=\"elementor-grid-item\" role=\"listitem\">\n\t\t\t\t\t<a class=\"elementor-icon elementor-social-icon elementor-social-icon-facebook elementor-repeater-item-3f86918\" href=\"https:\/\/www.facebook.com\/uhrenkauf.auf.raten\" target=\"_blank\">\n\t\t\t\t\t\t<span class=\"elementor-screen-only\">Facebook<\/span>\n\t\t\t\t\t\t<i aria-hidden=\"true\" class=\"fab fa-facebook\"><\/i>\t\t\t\t\t<\/a>\n\t\t\t\t<\/span>\n\t\t\t\t\t\t\t<span class=\"elementor-grid-item\" role=\"listitem\">\n\t\t\t\t\t<a class=\"elementor-icon elementor-social-icon elementor-social-icon-instagram elementor-repeater-item-51c3a17\" href=\"https:\/\/www.instagram.com\/uhrenkauf_auf_raten.ch\/\" target=\"_blank\">\n\t\t\t\t\t\t<span class=\"elementor-screen-only\">Instagram<\/span>\n\t\t\t\t\t\t<i aria-hidden=\"true\" class=\"fab fa-instagram\"><\/i>\t\t\t\t\t<\/a>\n\t\t\t\t<\/span>\n\t\t\t\t\t<\/div>\n\t\t\t\t\t\t<\/div>\n\t\t\t\t<\/div>\n\t\t\t\t\t<\/div>\n\t\t<\/div>\n\t\t\t\t\t<\/div>\n\t\t<\/section>\n\t\t\t\t<\/div>","protected":false},"excerpt":{"rendered":"<p>Cela a fonctionn\u00e9 - Merci pour votre demande ! Votre demande va maintenant \u00eatre examin\u00e9e et vous recevrez une r\u00e9ponse dans les 48 heures si votre demande de financement a \u00e9t\u00e9 approuv\u00e9e ou non. Facebook Instagram<\/p>","protected":false},"author":6,"featured_media":0,"parent":0,"menu_order":9,"comment_status":"closed","ping_status":"closed","template":"","meta":{"_acf_changed":false,"ocean_post_layout":"","ocean_both_sidebars_style":"","ocean_both_sidebars_content_width":0,"ocean_both_sidebars_sidebars_width":0,"ocean_sidebar":"0","ocean_second_sidebar":"0","ocean_disable_margins":"enable","ocean_add_body_class":"","ocean_shortcode_before_top_bar":"","ocean_shortcode_after_top_bar":"","ocean_shortcode_before_header":"","ocean_shortcode_after_header":"","ocean_has_shortcode":"","ocean_shortcode_after_title":"","ocean_shortcode_before_footer_widgets":"","ocean_shortcode_after_footer_widgets":"","ocean_shortcode_before_footer_bottom":"","ocean_shortcode_after_footer_bottom":"","ocean_display_top_bar":"default","ocean_display_header":"default","ocean_header_style":"","ocean_center_header_left_menu":"0","ocean_custom_header_template":"0","ocean_custom_logo":0,"ocean_custom_retina_logo":0,"ocean_custom_logo_max_width":0,"ocean_custom_logo_tablet_max_width":0,"ocean_custom_logo_mobile_max_width":0,"ocean_custom_logo_max_height":0,"ocean_custom_logo_tablet_max_height":0,"ocean_custom_logo_mobile_max_height":0,"ocean_header_custom_menu":"0","ocean_menu_typo_font_family":"0","ocean_menu_typo_font_subset":"","ocean_menu_typo_font_size":0,"ocean_menu_typo_font_size_tablet":0,"ocean_menu_typo_font_size_mobile":0,"ocean_menu_typo_font_size_unit":"px","ocean_menu_typo_font_weight":"","ocean_menu_typo_font_weight_tablet":"","ocean_menu_typo_font_weight_mobile":"","ocean_menu_typo_transform":"","ocean_menu_typo_transform_tablet":"","ocean_menu_typo_transform_mobile":"","ocean_menu_typo_line_height":0,"ocean_menu_typo_line_height_tablet":0,"ocean_menu_typo_line_height_mobile":0,"ocean_menu_typo_line_height_unit":"","ocean_menu_typo_spacing":0,"ocean_menu_typo_spacing_tablet":0,"ocean_menu_typo_spacing_mobile":0,"ocean_menu_typo_spacing_unit":"","ocean_menu_link_color":"","ocean_menu_link_color_hover":"","ocean_menu_link_color_active":"","ocean_menu_link_background":"","ocean_menu_link_hover_background":"","ocean_menu_link_active_background":"","ocean_menu_social_links_bg":"","ocean_menu_social_hover_links_bg":"","ocean_menu_social_links_color":"","ocean_menu_social_hover_links_color":"","ocean_disable_title":"default","ocean_disable_heading":"default","ocean_post_title":"","ocean_post_subheading":"","ocean_post_title_style":"","ocean_post_title_background_color":"","ocean_post_title_background":0,"ocean_post_title_bg_image_position":"","ocean_post_title_bg_image_attachment":"","ocean_post_title_bg_image_repeat":"","ocean_post_title_bg_image_size":"","ocean_post_title_height":0,"ocean_post_title_bg_overlay":0.5,"ocean_post_title_bg_overlay_color":"","ocean_disable_breadcrumbs":"default","ocean_breadcrumbs_color":"","ocean_breadcrumbs_separator_color":"","ocean_breadcrumbs_links_color":"","ocean_breadcrumbs_links_hover_color":"","ocean_display_footer_widgets":"default","ocean_display_footer_bottom":"default","ocean_custom_footer_template":"0","footnotes":""},"class_list":["post-4207","page","type-page","status-publish","hentry","entry","owp-thumbs-layout-horizontal","owp-btn-normal","owp-tabs-layout-horizontal","has-no-thumbnails"],"acf":[],"yoast_head":"<!-- This site is optimized with the Yoast SEO plugin v27.4 - https:\/\/yoast.com\/product\/yoast-seo-wordpress\/ -->\n<title>Bestellung Danke - Swiss Prime Watches<\/title>\n<meta name=\"robots\" content=\"index, follow, max-snippet:-1, max-image-preview:large, max-video-preview:-1\" \/>\n<link rel=\"canonical\" href=\"https:\/\/swiss-prime-watches.ch\/fr\/bestellung-danke\/\" \/>\n<meta property=\"og:locale\" content=\"fr_FR\" \/>\n<meta property=\"og:type\" content=\"article\" \/>\n<meta property=\"og:title\" content=\"Bestellung Danke - Swiss Prime Watches\" \/>\n<meta property=\"og:description\" content=\"Das hat geklappt \u2013 Vielen Dank f\u00fcr Ihren Antrag! Ihr Antrag wird nun gepr\u00fcft und Sie erhalten innerhalb von 48 Stunden eine Antwort ob Ihr Finanzierungsantrag bewilligt wurde oder nicht. Facebook Instagram\" \/>\n<meta property=\"og:url\" content=\"https:\/\/swiss-prime-watches.ch\/fr\/bestellung-danke\/\" \/>\n<meta property=\"og:site_name\" content=\"Swiss Prime Watches\" \/>\n<meta property=\"article:modified_time\" content=\"2022-05-14T08:53:30+00:00\" \/>\n<meta property=\"og:image\" content=\"https:\/\/uhrenkauf-auf-raten.ch\/wp-content\/uploads\/2021\/04\/Uhrenkauf-auf-Raten-Logo-grau-1024x268.png\" \/>\n<meta name=\"twitter:card\" content=\"summary_large_image\" \/>\n<meta name=\"twitter:label1\" content=\"Dur\u00e9e de lecture estim\u00e9e\" \/>\n\t<meta name=\"twitter:data1\" content=\"1 minute\" \/>\n<script type=\"application\/ld+json\" class=\"yoast-schema-graph\">{\"@context\":\"https:\\\/\\\/schema.org\",\"@graph\":[{\"@type\":\"WebPage\",\"@id\":\"https:\\\/\\\/swiss-prime-watches.ch\\\/bestellung-danke\\\/\",\"url\":\"https:\\\/\\\/swiss-prime-watches.ch\\\/bestellung-danke\\\/\",\"name\":\"Bestellung Danke - Swiss Prime Watches\",\"isPartOf\":{\"@id\":\"https:\\\/\\\/swiss-prime-watches.ch\\\/fr\\\/#website\"},\"primaryImageOfPage\":{\"@id\":\"https:\\\/\\\/swiss-prime-watches.ch\\\/bestellung-danke\\\/#primaryimage\"},\"image\":{\"@id\":\"https:\\\/\\\/swiss-prime-watches.ch\\\/bestellung-danke\\\/#primaryimage\"},\"thumbnailUrl\":\"https:\\\/\\\/uhrenkauf-auf-raten.ch\\\/wp-content\\\/uploads\\\/2021\\\/04\\\/Uhrenkauf-auf-Raten-Logo-grau-1024x268.png\",\"datePublished\":\"2021-05-12T17:08:05+00:00\",\"dateModified\":\"2022-05-14T08:53:30+00:00\",\"breadcrumb\":{\"@id\":\"https:\\\/\\\/swiss-prime-watches.ch\\\/bestellung-danke\\\/#breadcrumb\"},\"inLanguage\":\"fr-FR\",\"potentialAction\":[{\"@type\":\"ReadAction\",\"target\":[\"https:\\\/\\\/swiss-prime-watches.ch\\\/bestellung-danke\\\/\"]}]},{\"@type\":\"ImageObject\",\"inLanguage\":\"fr-FR\",\"@id\":\"https:\\\/\\\/swiss-prime-watches.ch\\\/bestellung-danke\\\/#primaryimage\",\"url\":\"https:\\\/\\\/uhrenkauf-auf-raten.ch\\\/wp-content\\\/uploads\\\/2021\\\/04\\\/Uhrenkauf-auf-Raten-Logo-grau-1024x268.png\",\"contentUrl\":\"https:\\\/\\\/uhrenkauf-auf-raten.ch\\\/wp-content\\\/uploads\\\/2021\\\/04\\\/Uhrenkauf-auf-Raten-Logo-grau-1024x268.png\"},{\"@type\":\"BreadcrumbList\",\"@id\":\"https:\\\/\\\/swiss-prime-watches.ch\\\/bestellung-danke\\\/#breadcrumb\",\"itemListElement\":[{\"@type\":\"ListItem\",\"position\":1,\"name\":\"Home\",\"item\":\"https:\\\/\\\/swiss-prime-watches.ch\\\/\"},{\"@type\":\"ListItem\",\"position\":2,\"name\":\"Bestellung Danke\"}]},{\"@type\":\"WebSite\",\"@id\":\"https:\\\/\\\/swiss-prime-watches.ch\\\/fr\\\/#website\",\"url\":\"https:\\\/\\\/swiss-prime-watches.ch\\\/fr\\\/\",\"name\":\"Swiss Prime Watches\",\"description\":\"Ronald Grob\",\"publisher\":{\"@id\":\"https:\\\/\\\/swiss-prime-watches.ch\\\/fr\\\/#organization\"},\"potentialAction\":[{\"@type\":\"SearchAction\",\"target\":{\"@type\":\"EntryPoint\",\"urlTemplate\":\"https:\\\/\\\/swiss-prime-watches.ch\\\/fr\\\/?s={search_term_string}\"},\"query-input\":{\"@type\":\"PropertyValueSpecification\",\"valueRequired\":true,\"valueName\":\"search_term_string\"}}],\"inLanguage\":\"fr-FR\"},{\"@type\":\"Organization\",\"@id\":\"https:\\\/\\\/swiss-prime-watches.ch\\\/fr\\\/#organization\",\"name\":\"Uhrenkauf auf Raten\",\"url\":\"https:\\\/\\\/swiss-prime-watches.ch\\\/fr\\\/\",\"logo\":{\"@type\":\"ImageObject\",\"inLanguage\":\"fr-FR\",\"@id\":\"https:\\\/\\\/swiss-prime-watches.ch\\\/fr\\\/#\\\/schema\\\/logo\\\/image\\\/\",\"url\":\"https:\\\/\\\/uhrenkauf-auf-raten.ch\\\/wp-content\\\/uploads\\\/2020\\\/08\\\/Ronald-Grob-favicon.png\",\"contentUrl\":\"https:\\\/\\\/uhrenkauf-auf-raten.ch\\\/wp-content\\\/uploads\\\/2020\\\/08\\\/Ronald-Grob-favicon.png\",\"width\":174,\"height\":174,\"caption\":\"Uhrenkauf auf Raten\"},\"image\":{\"@id\":\"https:\\\/\\\/swiss-prime-watches.ch\\\/fr\\\/#\\\/schema\\\/logo\\\/image\\\/\"}}]}<\/script>\n<!-- \/ Yoast SEO plugin. -->","yoast_head_json":{"title":"Bestellung Danke - Swiss Prime Watches","robots":{"index":"index","follow":"follow","max-snippet":"max-snippet:-1","max-image-preview":"max-image-preview:large","max-video-preview":"max-video-preview:-1"},"canonical":"https:\/\/swiss-prime-watches.ch\/fr\/bestellung-danke\/","og_locale":"fr_FR","og_type":"article","og_title":"Bestellung Danke - Swiss Prime Watches","og_description":"Das hat geklappt \u2013 Vielen Dank f\u00fcr Ihren Antrag! Ihr Antrag wird nun gepr\u00fcft und Sie erhalten innerhalb von 48 Stunden eine Antwort ob Ihr Finanzierungsantrag bewilligt wurde oder nicht. Facebook Instagram","og_url":"https:\/\/swiss-prime-watches.ch\/fr\/bestellung-danke\/","og_site_name":"Swiss Prime Watches","article_modified_time":"2022-05-14T08:53:30+00:00","og_image":[{"url":"https:\/\/uhrenkauf-auf-raten.ch\/wp-content\/uploads\/2021\/04\/Uhrenkauf-auf-Raten-Logo-grau-1024x268.png","type":"","width":"","height":""}],"twitter_card":"summary_large_image","twitter_misc":{"Dur\u00e9e de lecture estim\u00e9e":"1 minute"},"schema":{"@context":"https:\/\/schema.org","@graph":[{"@type":"WebPage","@id":"https:\/\/swiss-prime-watches.ch\/bestellung-danke\/","url":"https:\/\/swiss-prime-watches.ch\/bestellung-danke\/","name":"Bestellung Danke - Swiss Prime Watches","isPartOf":{"@id":"https:\/\/swiss-prime-watches.ch\/fr\/#website"},"primaryImageOfPage":{"@id":"https:\/\/swiss-prime-watches.ch\/bestellung-danke\/#primaryimage"},"image":{"@id":"https:\/\/swiss-prime-watches.ch\/bestellung-danke\/#primaryimage"},"thumbnailUrl":"https:\/\/uhrenkauf-auf-raten.ch\/wp-content\/uploads\/2021\/04\/Uhrenkauf-auf-Raten-Logo-grau-1024x268.png","datePublished":"2021-05-12T17:08:05+00:00","dateModified":"2022-05-14T08:53:30+00:00","breadcrumb":{"@id":"https:\/\/swiss-prime-watches.ch\/bestellung-danke\/#breadcrumb"},"inLanguage":"fr-FR","potentialAction":[{"@type":"ReadAction","target":["https:\/\/swiss-prime-watches.ch\/bestellung-danke\/"]}]},{"@type":"ImageObject","inLanguage":"fr-FR","@id":"https:\/\/swiss-prime-watches.ch\/bestellung-danke\/#primaryimage","url":"https:\/\/uhrenkauf-auf-raten.ch\/wp-content\/uploads\/2021\/04\/Uhrenkauf-auf-Raten-Logo-grau-1024x268.png","contentUrl":"https:\/\/uhrenkauf-auf-raten.ch\/wp-content\/uploads\/2021\/04\/Uhrenkauf-auf-Raten-Logo-grau-1024x268.png"},{"@type":"BreadcrumbList","@id":"https:\/\/swiss-prime-watches.ch\/bestellung-danke\/#breadcrumb","itemListElement":[{"@type":"ListItem","position":1,"name":"Home","item":"https:\/\/swiss-prime-watches.ch\/"},{"@type":"ListItem","position":2,"name":"Bestellung Danke"}]},{"@type":"WebSite","@id":"https:\/\/swiss-prime-watches.ch\/fr\/#website","url":"https:\/\/swiss-prime-watches.ch\/fr\/","name":"Swiss Prime Watches","description":"Ronald Grob","publisher":{"@id":"https:\/\/swiss-prime-watches.ch\/fr\/#organization"},"potentialAction":[{"@type":"SearchAction","target":{"@type":"EntryPoint","urlTemplate":"https:\/\/swiss-prime-watches.ch\/fr\/?s={search_term_string}"},"query-input":{"@type":"PropertyValueSpecification","valueRequired":true,"valueName":"search_term_string"}}],"inLanguage":"fr-FR"},{"@type":"Organization","@id":"https:\/\/swiss-prime-watches.ch\/fr\/#organization","name":"Achat de montres \u00e0 temp\u00e9rament","url":"https:\/\/swiss-prime-watches.ch\/fr\/","logo":{"@type":"ImageObject","inLanguage":"fr-FR","@id":"https:\/\/swiss-prime-watches.ch\/fr\/#\/schema\/logo\/image\/","url":"https:\/\/uhrenkauf-auf-raten.ch\/wp-content\/uploads\/2020\/08\/Ronald-Grob-favicon.png","contentUrl":"https:\/\/uhrenkauf-auf-raten.ch\/wp-content\/uploads\/2020\/08\/Ronald-Grob-favicon.png","width":174,"height":174,"caption":"Uhrenkauf auf Raten"},"image":{"@id":"https:\/\/swiss-prime-watches.ch\/fr\/#\/schema\/logo\/image\/"}}]}},"_links":{"self":[{"href":"https:\/\/swiss-prime-watches.ch\/fr\/wp-json\/wp\/v2\/pages\/4207","targetHints":{"allow":["GET"]}}],"collection":[{"href":"https:\/\/swiss-prime-watches.ch\/fr\/wp-json\/wp\/v2\/pages"}],"about":[{"href":"https:\/\/swiss-prime-watches.ch\/fr\/wp-json\/wp\/v2\/types\/page"}],"author":[{"embeddable":true,"href":"https:\/\/swiss-prime-watches.ch\/fr\/wp-json\/wp\/v2\/users\/6"}],"replies":[{"embeddable":true,"href":"https:\/\/swiss-prime-watches.ch\/fr\/wp-json\/wp\/v2\/comments?post=4207"}],"version-history":[{"count":0,"href":"https:\/\/swiss-prime-watches.ch\/fr\/wp-json\/wp\/v2\/pages\/4207\/revisions"}],"wp:attachment":[{"href":"https:\/\/swiss-prime-watches.ch\/fr\/wp-json\/wp\/v2\/media?parent=4207"}],"curies":[{"name":"wp","href":"https:\/\/api.w.org\/{rel}","templated":true}]}}