{"id":1643,"date":"2020-10-28T14:19:33","date_gmt":"2020-10-28T14:19:33","guid":{"rendered":"https:\/\/uhrenkauf-auf-raten.ch\/?page_id=1643"},"modified":"2025-09-08T10:48:58","modified_gmt":"2025-09-08T10:48:58","slug":"agb","status":"publish","type":"page","link":"https:\/\/swiss-prime-watches.ch\/it\/agb\/","title":{"rendered":"AGB"},"content":{"rendered":"<div data-elementor-type=\"wp-page\" data-elementor-id=\"1643\" class=\"elementor elementor-1643\" data-elementor-post-type=\"page\">\n\t\t\t\t\t\t<section class=\"elementor-section elementor-top-section elementor-element elementor-element-f38131b elementor-section-boxed elementor-section-height-default elementor-section-height-default\" data-id=\"f38131b\" data-element_type=\"section\" data-e-type=\"section\">\n\t\t\t\t\t\t<div class=\"elementor-container elementor-column-gap-default\">\n\t\t\t\t\t<div class=\"elementor-column elementor-col-100 elementor-top-column elementor-element elementor-element-16d57f4\" data-id=\"16d57f4\" data-element_type=\"column\" data-e-type=\"column\">\n\t\t\t<div class=\"elementor-widget-wrap elementor-element-populated\">\n\t\t\t\t\t\t<div class=\"elementor-element elementor-element-e70b2c0 elementor-widget elementor-widget-text-editor\" data-id=\"e70b2c0\" data-element_type=\"widget\" data-e-type=\"widget\" data-widget_type=\"text-editor.default\">\n\t\t\t\t<div class=\"elementor-widget-container\">\n\t\t\t\t\t\t\t\t\t<h1>AGB<\/h1><p><strong>Portata<\/strong><\/p><p>Tutti i prodotti e servizi sono soggetti alle CG di RG Watches &amp; Jewelry GmbH. Questi termini e condizioni si applicano alle transazioni commerciali e alle consegne. Condizioni generali divergenti non vengono riconosciute, a meno che RG Watches &amp; Jewelry GmbH non le accetti espressamente per iscritto.<\/p><p>Tutti gli articoli offerti su questo negozio web (orologi \/ gioielli \/ arte \/ borse \/ strumenti di scrittura) sono di seguito indicati come prodotto\/i.<\/p><p><b>1 &#8211;\u00a0<\/b><span style=\"font-size: 16px;\">uhrenkauf-auf-raten.ch \u00e8 gestito da RG Watches &amp; Jewelry GmbH, con sede a Freienbach\/SZ. RG Watches &amp; Jewelry GmbH \u00e8 di seguito indicata come il venditore.<\/span><\/p><p><strong>2 - Diritto di ritorno<\/strong><\/p><p>Esiste un diritto di restituzione di 10 giorni se \u00e8 stato consegnato un prodotto sbagliato o se il prodotto non corrisponde alle condizioni pubblicizzate sul sito. In questo caso, il venditore deve essere avvisato per iscritto entro 48 ore dal ricevimento del prodotto.<\/p><p>Tutti i ritorni devono essere <em>iscritti<\/em> da ricevere entro:<br \/><span style=\"font-size: 16px;\">RG Watches &amp; Jewellery GmbH, Gr\u00fctzenstrasse 1 <br \/>CH-8807 Freienbach<\/span><\/p><p>Per gli anelli (gioielli) ordinati in misure individuali, il diritto di restituzione \u00e8 escluso.\u00a0<br \/><span style=\"font-size: 16px;\">Il diritto di restituzione \u00e8 anche escluso in caso di ritiro presso i nostri uffici o presso l'artista.<\/span><\/p><p><b>3 - Spedizione\/Raccolta<\/b><\/p><p>Spediamo per posta svizzera, assicurata, espressa e registrata. La spedizione \u00e8 gratuita.<\/p><p>I nostri prodotti possono essere ritirati anche presso i nostri uffici di Freienbach\/SZ. A seconda del prodotto, l'arte pu\u00f2 anche essere ritirata direttamente dall'artista.<\/p><p><strong style=\"font-size: 16px;\">4 - Tempi di consegna<\/strong><\/p><p>In magazzino significa che l'articolo \u00e8 disponibile a Freienbach\/SZ. I tempi di consegna indicati nelle inserzioni sono approssimativi e possono variare.<\/p><p><strong style=\"font-size: 16px;\">5 - Garanzia<\/strong><\/p><p>Riceverai la garanzia del rispettivo produttore su orologi, gioielli e strumenti di scrittura; questo vale solo per i prodotti che sono nuovi di zecca. RG Watches &amp; Jewelry GmbH fornisce la garanzia sui prodotti di queste categorie che sono \"come nuovi\". Si prega di fare riferimento agli annunci corrispondenti per la durata della garanzia.<\/p><p>Non coperto dalla garanzia fornita:<\/p><ul><li>Danni causati da un uso improprio<\/li><li>Processi di usura e invecchiamento dovuti all'uso del prodotto<\/li><li>Danni in seguito a interventi di terzi non autorizzati<\/li><\/ul><p>Non c'\u00e8 generalmente nessuna garanzia sulle borse e sull'arte.<\/p><p><strong style=\"font-size: 16px;\">6 - Finanziamento<\/strong><\/p><p>Con la richiesta di finanziamento, il cliente autorizza RG Watches &amp; Jewelry GmbH a trasferire integralmente i dati forniti ai partner finanziari Yourasset AG e Hey Light AG.<strong>\u00a0<\/strong>da presentare elettronicamente.<\/p><p>Il partner di finanziamento decide se il finanziamento \u00e8 approvato.<\/p><p>Il cliente firma con lui il contratto corrispondente. Si applicano le condizioni generali e le condizioni del partner finanziario.<\/p><p><strong>7 &#8211;<\/strong> Il cliente accetta che RG Watches &amp; Jewelry GmbH possa concedere in qualsiasi momento a terzi (in particolare all'agenzia di credito CRIF AG, Zurigo, o a una societ\u00e0 ad essa collegata) la possibilit\u00e0 di richiedere la valutazione della solvibilit\u00e0 del cliente e la raccolta del prezzo d'acquisto, nonch\u00e9 l'accesso ai propri dati personali derivanti dal rapporto commerciale, comprese tutte le esperienze di pagamento derivanti dal processo d'ordine. Il cliente ha il diritto di revocare in qualsiasi momento il suo consenso scritto.<\/p><p><strong style=\"font-size: 16px;\">8 &#8211; <\/strong><strong style=\"font-size: 16px;\">Acquisto diretto<\/strong><\/p><p>Nel caso di un acquisto diretto lei trasferisce l'importo sul nostro conto bancario.\u00a0<span style=\"font-size: 16px;\">L'articolo viene poi ordinato e\/o spedito.<\/span><\/p><p><strong style=\"font-size: 16px;\">9 - Protezione dei dati<\/strong><\/p><p>RG Watches &amp; Jewelry GmbH si impegna a trattare con cura i dati dei clienti e a rispettare le disposizioni in materia di protezione dei dati. RG Watches &amp; Jewelry GmbH utilizza i dati personali per elaborare e soddisfare i prodotti offerti in conformit\u00e0 al contratto e alla legge e per mantenere il rapporto con il cliente. Per scopi di marketing, i dati sono conservati nel rispetto di tutti gli standard di sicurezza possibili. Il cliente pu\u00f2 far cancellare i suoi dati in qualsiasi momento. La notifica deve essere fatta per iscritto, preferibilmente via e-mail <a href=\"mailto:info@uhrenkauf-auf-raten.ch\">info@uhrenkauf-auf-raten.ch<\/a>.<\/p>\t\t\t\t\t\t\t\t<\/div>\n\t\t\t\t<\/div>\n\t\t\t\t\t<\/div>\n\t\t<\/div>\n\t\t\t\t\t<\/div>\n\t\t<\/section>\n\t\t\t\t<\/div>","protected":false},"excerpt":{"rendered":"<p>AGB Geltungsbereich Alle Produkte und Dienstleistungen unterstehen den AGB von RG Watches &amp; Jewelry GmbH. Bei Gesch\u00e4ftsabwicklung und Lieferung werden die vorliegenden AGB angewendet. Abweichende AGB finden keine Anerkennung ausser RG Watches &amp; Jewelry GmbH stimmt diesen ausdr\u00fccklich und schriftlich zu. Alle auf diesem Webshop angebotenen Artikel (Uhren \/ Schmuck \/ Kunst \/ Taschen \/ [&hellip;]<\/p>\n","protected":false},"author":7,"featured_media":0,"parent":0,"menu_order":7,"comment_status":"closed","ping_status":"closed","template":"","meta":{"_acf_changed":false,"ocean_post_layout":"","ocean_both_sidebars_style":"","ocean_both_sidebars_content_width":0,"ocean_both_sidebars_sidebars_width":0,"ocean_sidebar":"0","ocean_second_sidebar":"0","ocean_disable_margins":"enable","ocean_add_body_class":"","ocean_shortcode_before_top_bar":"","ocean_shortcode_after_top_bar":"","ocean_shortcode_before_header":"","ocean_shortcode_after_header":"","ocean_has_shortcode":"","ocean_shortcode_after_title":"","ocean_shortcode_before_footer_widgets":"","ocean_shortcode_after_footer_widgets":"","ocean_shortcode_before_footer_bottom":"","ocean_shortcode_after_footer_bottom":"","ocean_display_top_bar":"default","ocean_display_header":"default","ocean_header_style":"","ocean_center_header_left_menu":"0","ocean_custom_header_template":"0","ocean_custom_logo":0,"ocean_custom_retina_logo":0,"ocean_custom_logo_max_width":0,"ocean_custom_logo_tablet_max_width":0,"ocean_custom_logo_mobile_max_width":0,"ocean_custom_logo_max_height":0,"ocean_custom_logo_tablet_max_height":0,"ocean_custom_logo_mobile_max_height":0,"ocean_header_custom_menu":"0","ocean_menu_typo_font_family":"0","ocean_menu_typo_font_subset":"","ocean_menu_typo_font_size":0,"ocean_menu_typo_font_size_tablet":0,"ocean_menu_typo_font_size_mobile":0,"ocean_menu_typo_font_size_unit":"px","ocean_menu_typo_font_weight":"","ocean_menu_typo_font_weight_tablet":"","ocean_menu_typo_font_weight_mobile":"","ocean_menu_typo_transform":"","ocean_menu_typo_transform_tablet":"","ocean_menu_typo_transform_mobile":"","ocean_menu_typo_line_height":0,"ocean_menu_typo_line_height_tablet":0,"ocean_menu_typo_line_height_mobile":0,"ocean_menu_typo_line_height_unit":"","ocean_menu_typo_spacing":0,"ocean_menu_typo_spacing_tablet":0,"ocean_menu_typo_spacing_mobile":0,"ocean_menu_typo_spacing_unit":"","ocean_menu_link_color":"","ocean_menu_link_color_hover":"","ocean_menu_link_color_active":"","ocean_menu_link_background":"","ocean_menu_link_hover_background":"","ocean_menu_link_active_background":"","ocean_menu_social_links_bg":"","ocean_menu_social_hover_links_bg":"","ocean_menu_social_links_color":"","ocean_menu_social_hover_links_color":"","ocean_disable_title":"default","ocean_disable_heading":"default","ocean_post_title":"","ocean_post_subheading":"","ocean_post_title_style":"","ocean_post_title_background_color":"","ocean_post_title_background":0,"ocean_post_title_bg_image_position":"","ocean_post_title_bg_image_attachment":"","ocean_post_title_bg_image_repeat":"","ocean_post_title_bg_image_size":"","ocean_post_title_height":0,"ocean_post_title_bg_overlay":0.5,"ocean_post_title_bg_overlay_color":"","ocean_disable_breadcrumbs":"default","ocean_breadcrumbs_color":"","ocean_breadcrumbs_separator_color":"","ocean_breadcrumbs_links_color":"","ocean_breadcrumbs_links_hover_color":"","ocean_display_footer_widgets":"default","ocean_display_footer_bottom":"default","ocean_custom_footer_template":"0","footnotes":""},"class_list":["post-1643","page","type-page","status-publish","hentry","entry","owp-thumbs-layout-horizontal","owp-btn-normal","owp-tabs-layout-horizontal","has-no-thumbnails"],"acf":[],"yoast_head":"<!-- This site is optimized with the Yoast SEO plugin v27.4 - https:\/\/yoast.com\/product\/yoast-seo-wordpress\/ -->\n<title>AGB - Swiss Prime Watches<\/title>\n<meta name=\"robots\" content=\"noindex, follow\" \/>\n<meta property=\"og:locale\" content=\"it_IT\" \/>\n<meta property=\"og:type\" content=\"article\" \/>\n<meta property=\"og:title\" content=\"AGB - Swiss Prime Watches\" \/>\n<meta property=\"og:description\" content=\"AGB Geltungsbereich Alle Produkte und Dienstleistungen unterstehen den AGB von RG Watches &amp; Jewelry GmbH. Bei Gesch\u00e4ftsabwicklung und Lieferung werden die vorliegenden AGB angewendet. Abweichende AGB finden keine Anerkennung ausser RG Watches &amp; Jewelry GmbH stimmt diesen ausdr\u00fccklich und schriftlich zu. Alle auf diesem Webshop angebotenen Artikel (Uhren \/ Schmuck \/ Kunst \/ Taschen \/ [&hellip;]\" \/>\n<meta property=\"og:url\" content=\"https:\/\/swiss-prime-watches.ch\/it\/agb\/\" \/>\n<meta property=\"og:site_name\" content=\"Swiss Prime Watches\" \/>\n<meta property=\"article:modified_time\" content=\"2025-09-08T10:48:58+00:00\" \/>\n<meta name=\"twitter:card\" content=\"summary_large_image\" \/>\n<meta name=\"twitter:label1\" content=\"Tempo di lettura stimato\" \/>\n\t<meta name=\"twitter:data1\" content=\"3 minuti\" \/>\n<script type=\"application\/ld+json\" class=\"yoast-schema-graph\">{\"@context\":\"https:\\\/\\\/schema.org\",\"@graph\":[{\"@type\":\"WebPage\",\"@id\":\"https:\\\/\\\/swiss-prime-watches.ch\\\/en\\\/agb\\\/\",\"url\":\"https:\\\/\\\/swiss-prime-watches.ch\\\/en\\\/agb\\\/\",\"name\":\"AGB - Swiss Prime Watches\",\"isPartOf\":{\"@id\":\"https:\\\/\\\/swiss-prime-watches.ch\\\/fr\\\/#website\"},\"datePublished\":\"2020-10-28T14:19:33+00:00\",\"dateModified\":\"2025-09-08T10:48:58+00:00\",\"breadcrumb\":{\"@id\":\"https:\\\/\\\/swiss-prime-watches.ch\\\/en\\\/agb\\\/#breadcrumb\"},\"inLanguage\":\"it-IT\",\"potentialAction\":[{\"@type\":\"ReadAction\",\"target\":[\"https:\\\/\\\/swiss-prime-watches.ch\\\/en\\\/agb\\\/\"]}]},{\"@type\":\"BreadcrumbList\",\"@id\":\"https:\\\/\\\/swiss-prime-watches.ch\\\/en\\\/agb\\\/#breadcrumb\",\"itemListElement\":[{\"@type\":\"ListItem\",\"position\":1,\"name\":\"Home\",\"item\":\"https:\\\/\\\/swiss-prime-watches.ch\\\/\"},{\"@type\":\"ListItem\",\"position\":2,\"name\":\"AGB\"}]},{\"@type\":\"WebSite\",\"@id\":\"https:\\\/\\\/swiss-prime-watches.ch\\\/fr\\\/#website\",\"url\":\"https:\\\/\\\/swiss-prime-watches.ch\\\/fr\\\/\",\"name\":\"Swiss Prime Watches\",\"description\":\"Ronald Grob\",\"publisher\":{\"@id\":\"https:\\\/\\\/swiss-prime-watches.ch\\\/fr\\\/#organization\"},\"potentialAction\":[{\"@type\":\"SearchAction\",\"target\":{\"@type\":\"EntryPoint\",\"urlTemplate\":\"https:\\\/\\\/swiss-prime-watches.ch\\\/fr\\\/?s={search_term_string}\"},\"query-input\":{\"@type\":\"PropertyValueSpecification\",\"valueRequired\":true,\"valueName\":\"search_term_string\"}}],\"inLanguage\":\"it-IT\"},{\"@type\":\"Organization\",\"@id\":\"https:\\\/\\\/swiss-prime-watches.ch\\\/fr\\\/#organization\",\"name\":\"Uhrenkauf auf Raten\",\"url\":\"https:\\\/\\\/swiss-prime-watches.ch\\\/fr\\\/\",\"logo\":{\"@type\":\"ImageObject\",\"inLanguage\":\"it-IT\",\"@id\":\"https:\\\/\\\/swiss-prime-watches.ch\\\/fr\\\/#\\\/schema\\\/logo\\\/image\\\/\",\"url\":\"https:\\\/\\\/uhrenkauf-auf-raten.ch\\\/wp-content\\\/uploads\\\/2020\\\/08\\\/Ronald-Grob-favicon.png\",\"contentUrl\":\"https:\\\/\\\/uhrenkauf-auf-raten.ch\\\/wp-content\\\/uploads\\\/2020\\\/08\\\/Ronald-Grob-favicon.png\",\"width\":174,\"height\":174,\"caption\":\"Uhrenkauf auf Raten\"},\"image\":{\"@id\":\"https:\\\/\\\/swiss-prime-watches.ch\\\/fr\\\/#\\\/schema\\\/logo\\\/image\\\/\"}}]}<\/script>\n<!-- \/ Yoast SEO plugin. -->","yoast_head_json":{"title":"AGB - Swiss Prime Watches","robots":{"index":"noindex","follow":"follow"},"og_locale":"it_IT","og_type":"article","og_title":"AGB - Swiss Prime Watches","og_description":"AGB Geltungsbereich Alle Produkte und Dienstleistungen unterstehen den AGB von RG Watches &amp; Jewelry GmbH. Bei Gesch\u00e4ftsabwicklung und Lieferung werden die vorliegenden AGB angewendet. Abweichende AGB finden keine Anerkennung ausser RG Watches &amp; Jewelry GmbH stimmt diesen ausdr\u00fccklich und schriftlich zu. Alle auf diesem Webshop angebotenen Artikel (Uhren \/ Schmuck \/ Kunst \/ Taschen \/ [&hellip;]","og_url":"https:\/\/swiss-prime-watches.ch\/it\/agb\/","og_site_name":"Swiss Prime Watches","article_modified_time":"2025-09-08T10:48:58+00:00","twitter_card":"summary_large_image","twitter_misc":{"Tempo di lettura stimato":"3 minuti"},"schema":{"@context":"https:\/\/schema.org","@graph":[{"@type":"WebPage","@id":"https:\/\/swiss-prime-watches.ch\/en\/agb\/","url":"https:\/\/swiss-prime-watches.ch\/en\/agb\/","name":"AGB - Swiss Prime Watches","isPartOf":{"@id":"https:\/\/swiss-prime-watches.ch\/fr\/#website"},"datePublished":"2020-10-28T14:19:33+00:00","dateModified":"2025-09-08T10:48:58+00:00","breadcrumb":{"@id":"https:\/\/swiss-prime-watches.ch\/en\/agb\/#breadcrumb"},"inLanguage":"it-IT","potentialAction":[{"@type":"ReadAction","target":["https:\/\/swiss-prime-watches.ch\/en\/agb\/"]}]},{"@type":"BreadcrumbList","@id":"https:\/\/swiss-prime-watches.ch\/en\/agb\/#breadcrumb","itemListElement":[{"@type":"ListItem","position":1,"name":"Home","item":"https:\/\/swiss-prime-watches.ch\/"},{"@type":"ListItem","position":2,"name":"AGB"}]},{"@type":"WebSite","@id":"https:\/\/swiss-prime-watches.ch\/fr\/#website","url":"https:\/\/swiss-prime-watches.ch\/fr\/","name":"Swiss Prime Watches","description":"Ronald Grob","publisher":{"@id":"https:\/\/swiss-prime-watches.ch\/fr\/#organization"},"potentialAction":[{"@type":"SearchAction","target":{"@type":"EntryPoint","urlTemplate":"https:\/\/swiss-prime-watches.ch\/fr\/?s={search_term_string}"},"query-input":{"@type":"PropertyValueSpecification","valueRequired":true,"valueName":"search_term_string"}}],"inLanguage":"it-IT"},{"@type":"Organization","@id":"https:\/\/swiss-prime-watches.ch\/fr\/#organization","name":"Comprare orologi a rate","url":"https:\/\/swiss-prime-watches.ch\/fr\/","logo":{"@type":"ImageObject","inLanguage":"it-IT","@id":"https:\/\/swiss-prime-watches.ch\/fr\/#\/schema\/logo\/image\/","url":"https:\/\/uhrenkauf-auf-raten.ch\/wp-content\/uploads\/2020\/08\/Ronald-Grob-favicon.png","contentUrl":"https:\/\/uhrenkauf-auf-raten.ch\/wp-content\/uploads\/2020\/08\/Ronald-Grob-favicon.png","width":174,"height":174,"caption":"Uhrenkauf auf Raten"},"image":{"@id":"https:\/\/swiss-prime-watches.ch\/fr\/#\/schema\/logo\/image\/"}}]}},"_links":{"self":[{"href":"https:\/\/swiss-prime-watches.ch\/it\/wp-json\/wp\/v2\/pages\/1643","targetHints":{"allow":["GET"]}}],"collection":[{"href":"https:\/\/swiss-prime-watches.ch\/it\/wp-json\/wp\/v2\/pages"}],"about":[{"href":"https:\/\/swiss-prime-watches.ch\/it\/wp-json\/wp\/v2\/types\/page"}],"author":[{"embeddable":true,"href":"https:\/\/swiss-prime-watches.ch\/it\/wp-json\/wp\/v2\/users\/7"}],"replies":[{"embeddable":true,"href":"https:\/\/swiss-prime-watches.ch\/it\/wp-json\/wp\/v2\/comments?post=1643"}],"version-history":[{"count":0,"href":"https:\/\/swiss-prime-watches.ch\/it\/wp-json\/wp\/v2\/pages\/1643\/revisions"}],"wp:attachment":[{"href":"https:\/\/swiss-prime-watches.ch\/it\/wp-json\/wp\/v2\/media?parent=1643"}],"curies":[{"name":"wp","href":"https:\/\/api.w.org\/{rel}","templated":true}]}}